{"id":35,"date":"2023-11-14T17:25:10","date_gmt":"2023-11-14T17:25:10","guid":{"rendered":"https:\/\/beta.acl-dota.at\/?page_id=35"},"modified":"2026-04-02T12:09:42","modified_gmt":"2026-04-02T12:09:42","slug":"community-guidelines","status":"publish","type":"page","link":"https:\/\/acl-dota.at\/index.php\/community-guidelines\/","title":{"rendered":"Community Guidelines"},"content":{"rendered":"<div class=\"container-wrap\">\n<div class=\"container main-content\">\n<div class=\"row\">\n<div id=\"fws_6553ad62405e2\" class=\"wpb_row vc_row-fluid vc_row top-level standard_section \" data-midnight=\"dark\" data-bg-mobile-hidden=\"\">\n<div class=\"col span_12 dark left\">\n<div class=\"vc_col-sm-12 wpb_column column_container vc_column_container col no-extra-padding instance-0\" data-t-w-inherits=\"default\" data-border-radius=\"none\" data-shadow=\"none\" data-border-animation=\"\" data-border-animation-delay=\"\" data-border-width=\"none\" data-border-style=\"solid\" data-border-color=\"\" data-bg-cover=\"\" data-padding-pos=\"all\" data-has-bg-color=\"false\" data-bg-color=\"\" data-bg-opacity=\"1\" data-hover-bg=\"\" data-hover-bg-opacity=\"1\" data-animation=\"\" data-delay=\"0\">\n<div class=\"vc_column-inner\">\n<div class=\"wpb_wrapper\">\n<div class=\"wpb_text_column wpb_content_element \">\n<div class=\"wpb_wrapper\">\n<p><strong>Game Balance<\/strong><br \/>\nDie Kapit\u00e4ne der jeweiligen Teams sind dazu angehalten, Spieler so f\u00fcr sein Team auszuw\u00e4hlen, dass ein m\u00f6glichst ausgewogenes Verh\u00e4ltnis der Spieler bzw. ann\u00e4hernd gleich gute Teams geschaffen wird.<\/p>\n<p><strong>Beleidigungen\/Flaming<\/strong><br \/>\nWir sind alle Menschen und versuchen respektvoll und ordentlich miteinander umzugehen. Beleidigungen, Flaming und \u00e4hnliches Verhalten wird nicht geduldet und kann in besonderen F\u00e4llen (Rassismus, Sexismus, Homophobie, Extremismus) zu sofortigen Ligaausschluss f\u00fchren. Hierbei wird nicht unterschieden zwischen ernst gemeinten und freundschaftlichen Beschimpfungen. Wenn ein Spiel nicht gut l\u00e4uft ist dies kein Grund Frust an MitspielerInnen auszulassen.<\/p>\n<p><strong>Skilldifferenzen<\/strong><br \/>\nWir sind alle, unabh\u00e4ngig vom Skilllevel, hier um gute Spiele zu spielen!<br \/>\nSchlechtere SpielerInnen sind angehalten, sich von den besseren Tipps zu holen und diese auch zu befolgen um zu lernen.<br \/>\nBessere SpielerInnen sollen Hilfe anbieten und Fragen beantworten, sodass beide profitieren.<br \/>\nEs ist jedoch wichtig, dass alle Spa\u00df im Spiel und in der Liga haben. Es ist nicht n\u00f6tig schw\u00e4chere Spieler st\u00e4ndig zu erinnern, dass sie schw\u00e4cher sind, und es ist nicht die feine Art SpielerInnen deswegen zu demotivieren.<\/p>\n<p><strong>Kommunikation<\/strong><br \/>\nUm unser Ziel von guten Spielen zu erreichen ist es n\u00f6tig, dass alle MitspielerInnen den\u00a0<a href=\"https:\/\/discord.gg\/mduuepm\">Discord<\/a>\u00a0Voice Chat beitreten, oder sich mit ihren Teammates eine andere Art der verbalen Kommunikation ausmachen \u2013 Teamspeak, Ingame-Chat und \u00e4hnliches ist also nur in Ausnahmef\u00e4llen ein Ersatz f\u00fcr Discord.<\/p>\n<p><strong>Streaming<\/strong><br \/>\nFalls ein MitspielerInnen ein Spiel streamen m\u00f6chte, muss negatives Verhalten auf ein Minimum reduziert werden. Die Streamer werden gebeten \u201eACL\u201c irgendwo im Streamtitel zu f\u00fchren.<\/p>\n<p><strong>Konsequenzen f\u00fcr Verhalten das nicht den Community Guidelines entspricht sind (Abh\u00e4ngig von der Situation):<\/strong><\/p>\n<ul>\n<li>Verwarnung via Privater Nachricht (Discord, Steam, FaceIt)<\/li>\n<li>Strafen abh\u00e4ngig nach Intensit\u00e4t des Regelbruchs<\/li>\n<li>Ausschluss aus der Ladder<\/li>\n<\/ul>\n<p><strong>Ladderausschluss<\/strong><br \/>\nAusschlussdauer bezieht sich auf die Intensit\u00e4t des Vergehens und wird von den Admins von Fall zu Fall separat entschieden. Nach fr\u00fchestens zwei Seasons kann der Spieler einen Ban-Appeal einreichen. Dieser wird dann von Admins bearbeitet und evaluiert.<\/p>\n<\/div>\n<\/div>\n<\/div>\n<\/div>\n<\/div>\n<\/div>\n<\/div>\n<\/div>\n<\/div>\n<\/div>\n<div id=\"footer-outer\" data-cols=\"4\" data-custom-color=\"false\" data-disable-copyright=\"false\" data-matching-section-color=\"true\" data-copyright-line=\"false\" data-using-bg-img=\"false\" data-bg-img-overlay=\"0.8\" data-full-width=\"false\" data-using-widget-area=\"true\">\n<div id=\"footer-widgets\" data-has-widgets=\"false\" data-cols=\"4\">\n<div class=\"container\">\n<div class=\"row\"><\/div>\n<\/div>\n<\/div>\n<\/div>\n","protected":false},"excerpt":{"rendered":"<p>Game Balance Die Kapit\u00e4ne der jeweiligen Teams sind dazu angehalten, Spieler so f\u00fcr sein Team auszuw\u00e4hlen, dass ein m\u00f6glichst ausgewogenes Verh\u00e4ltnis der Spieler bzw. ann\u00e4hernd gleich gute Teams geschaffen wird. Beleidigungen\/Flaming Wir sind alle Menschen und versuchen respektvoll und ordentlich miteinander umzugehen. Beleidigungen, Flaming und \u00e4hnliches Verhalten wird nicht geduldet und kann in besonderen F\u00e4llen [&hellip;]<\/p>\n","protected":false},"author":4,"featured_media":0,"parent":0,"menu_order":0,"comment_status":"closed","ping_status":"closed","template":"","meta":{"footnotes":""},"class_list":["post-35","page","type-page","status-publish","hentry"],"_links":{"self":[{"href":"https:\/\/acl-dota.at\/index.php\/wp-json\/wp\/v2\/pages\/35","targetHints":{"allow":["GET"]}}],"collection":[{"href":"https:\/\/acl-dota.at\/index.php\/wp-json\/wp\/v2\/pages"}],"about":[{"href":"https:\/\/acl-dota.at\/index.php\/wp-json\/wp\/v2\/types\/page"}],"author":[{"embeddable":true,"href":"https:\/\/acl-dota.at\/index.php\/wp-json\/wp\/v2\/users\/4"}],"replies":[{"embeddable":true,"href":"https:\/\/acl-dota.at\/index.php\/wp-json\/wp\/v2\/comments?post=35"}],"version-history":[{"count":3,"href":"https:\/\/acl-dota.at\/index.php\/wp-json\/wp\/v2\/pages\/35\/revisions"}],"predecessor-version":[{"id":194,"href":"https:\/\/acl-dota.at\/index.php\/wp-json\/wp\/v2\/pages\/35\/revisions\/194"}],"wp:attachment":[{"href":"https:\/\/acl-dota.at\/index.php\/wp-json\/wp\/v2\/media?parent=35"}],"curies":[{"name":"wp","href":"https:\/\/api.w.org\/{rel}","templated":true}]}}